{"id":5130,"date":"2023-07-02T00:55:04","date_gmt":"2023-07-01T17:55:04","guid":{"rendered":"http:\/\/vietnaminternationalhalfmarathon.vn\/?page_id=5130"},"modified":"2023-12-31T10:46:20","modified_gmt":"2023-12-31T03:46:20","slug":"expected-schedule","status":"publish","type":"page","link":"https:\/\/vietnaminternationalhalfmarathon.vn\/en\/expected-schedule\/","title":{"rendered":"Expected Schedule"},"content":{"rendered":"<p>[vc_row][vc_column width=&#8221;1\/12&#8243;][\/vc_column][vc_column width=&#8221;10\/12&#8243;][vc_empty_space][vc_column_text]<\/p>\n<h1 style=\"text-align: center;\"><span style=\"color: #2093de; font-size: 120%;\">RACE AGENDA<\/span><\/h1>\n<p><a style=\"margin: 0 auto; text-align: center;\" title=\"\u0110\u0103ng k\u00fd ngay\" href=\"https:\/\/actiup.net\/event\/giai-ban-marathon-quoc-te-viet-nam-2024\/\" target=\"_blank\" rel=\"noopener noreferrer\"><img loading=\"lazy\" class=\"aligncenter wp-image-4865 size-full\" src=\"https:\/\/vietnaminternationalhalfmarathon.vn\/wp-content\/uploads\/2023\/12\/Lich-trinh-E.jpg\" alt=\"\" width=\"1251\" height=\"1563\" \/><br \/>\n<img loading=\"lazy\" class=\"aligncenter\" src=\"https:\/\/vietnaminternationalhalfmarathon.vn\/wp-content\/uploads\/2023\/07\/register.gif\" alt=\"\" width=\"180\" height=\"208\" \/><br \/>\n<\/a>[\/vc_column_text][\/vc_column][vc_column width=&#8221;1\/12&#8243;][\/vc_column][\/vc_row]<\/p>\n","protected":false},"excerpt":{"rendered":"<p>[vc_row][vc_column width=&#8221;1\/12&#8243;][\/vc_column][vc_column width=&#8221;10\/12&#8243;][vc_empty_space][vc_column_text] RACE AGENDA [\/vc_column_text][\/vc_column][vc_column width=&#8221;1\/12&#8243;][\/vc_column][\/vc_row]<\/p>\n","protected":false},"author":1,"featured_media":0,"parent":0,"menu_order":0,"comment_status":"closed","ping_status":"closed","template":"","meta":[],"_links":{"self":[{"href":"https:\/\/vietnaminternationalhalfmarathon.vn\/en\/wp-json\/wp\/v2\/pages\/5130"}],"collection":[{"href":"https:\/\/vietnaminternationalhalfmarathon.vn\/en\/wp-json\/wp\/v2\/pages"}],"about":[{"href":"https:\/\/vietnaminternationalhalfmarathon.vn\/en\/wp-json\/wp\/v2\/types\/page"}],"author":[{"embeddable":true,"href":"https:\/\/vietnaminternationalhalfmarathon.vn\/en\/wp-json\/wp\/v2\/users\/1"}],"replies":[{"embeddable":true,"href":"https:\/\/vietnaminternationalhalfmarathon.vn\/en\/wp-json\/wp\/v2\/comments?post=5130"}],"version-history":[{"count":8,"href":"https:\/\/vietnaminternationalhalfmarathon.vn\/en\/wp-json\/wp\/v2\/pages\/5130\/revisions"}],"predecessor-version":[{"id":6113,"href":"https:\/\/vietnaminternationalhalfmarathon.vn\/en\/wp-json\/wp\/v2\/pages\/5130\/revisions\/6113"}],"wp:attachment":[{"href":"https:\/\/vietnaminternationalhalfmarathon.vn\/en\/wp-json\/wp\/v2\/media?parent=5130"}],"curies":[{"name":"wp","href":"https:\/\/api.w.org\/{rel}","templated":true}]}}