{"id":1297,"date":"2018-04-03T14:53:36","date_gmt":"2018-04-03T07:53:36","guid":{"rendered":"http:\/\/vietnaminternationalhalfmarathon.vn\/en\/tam-nhin-su-menh\/"},"modified":"2023-08-29T15:21:11","modified_gmt":"2023-08-29T08:21:11","slug":"about-the-competition","status":"publish","type":"page","link":"https:\/\/vietnaminternationalhalfmarathon.vn\/en\/about-the-competition\/","title":{"rendered":"About the Competition"},"content":{"rendered":"<p>[vc_row el_class=&#8221;thongtin-ls tnsm-adc clr28&#8243; css=&#8221;.vc_custom_1523864103536{background-image: url(http:\/\/vietnaminternationalhalfmarathon.vn\/wp-content\/uploads\/2018\/03\/bg-ls.jpg?id=293) !important;background-position: center !important;background-repeat: no-repeat !important;background-size: cover !important;}&#8221;][vc_column width=&#8221;1\/6&#8243;][\/vc_column][vc_column width=&#8221;2\/3&#8243;][vc_column_text]<\/p>\n<h1 style=\"text-align: center;\"><span style=\"color: #2093de; font-size: 120%;\">ABOUT THE COMPETITION<\/span><\/h1>\n<p>[\/vc_column_text][vc_row_inner el_class=&#8221;clr-marb-m&#8221;][vc_column_inner][vc_column_text el_class=&#8221;clr-marb-m&#8221;]Vietnam International Half Marathon 2024 powered by Herbalife Nutrition is a running competition under the official competition system of Vietnam Athletics Federation, held by Vietnam Athletics Federation and The People\u2019s Committee of Hanoi. The running competition is held annually on January 1st in Hanoi, as one of the series of sports, cultural and arts events in Hanoi, to celebrate new year, and develop the running movement in Vietnam, as well as in Asia. The competition will have the participation of athletes representing many countries of Asia and Southeast Asia, as well as domestic and international amateur athletes.<\/p>\n<p>In terms of professional work, the competition will be supervised by an international supervisor appointed by the Asian Athletics Association, and professionally operated by the national athletics referees. Tracks of all distances (5km &#8211; 10km &#8211; 21.1km) will be measured by A-class qualified personnel from WA-AIMS. Vietnam International Half Marathon 2024 powered by Herbalife Nutrition will provide athletes with experience of a safe and professional competition.<\/p>\n<p>&nbsp;<\/p>\n<h3><strong>Organizer: Vietnam Athletics Federation, The People&#8217;s Committee of Hanoi.<\/strong><\/h3>\n<h3><strong>Technical Advisor: Asian Athletics Federation.<\/strong><\/h3>\n<p><a style=\"margin: 0 auto; text-align: center;\" title=\"\u0110\u0103ng k\u00fd ngay\" href=\"https:\/\/actiup.net\/event\/giai-ban-marathon-quoc-te-viet-nam-2024\/\" target=\"_blank\" rel=\"noopener noreferrer\"><img loading=\"lazy\" class=\"aligncenter wp-image-4840 size-full\" src=\"https:\/\/vietnaminternationalhalfmarathon.vn\/wp-content\/uploads\/2023\/08\/1440X600-1.png\" alt=\"\" width=\"1440\" height=\"600\" \/><br \/>\n<img class=\"aligncenter\" src=\"https:\/\/vietnaminternationalhalfmarathon.vn\/wp-content\/uploads\/2023\/07\/register.gif\" width=\"180\" \/><br \/>\n<\/a>[\/vc_column_text][\/vc_column_inner][\/vc_row_inner][\/vc_column][vc_column width=&#8221;1\/6&#8243;][\/vc_column][\/vc_row]<\/p>\n","protected":false},"excerpt":{"rendered":"<p>[vc_row el_class=&#8221;thongtin-ls tnsm-adc clr28&#8243; css=&#8221;.vc_custom_1523864103536{background-image: url(http:\/\/vietnaminternationalhalfmarathon.vn\/wp-content\/uploads\/2018\/03\/bg-ls.jpg?id=293) !important;background-position: center !important;background-repeat: no-repeat !important;background-size: cover !important;}&#8221;][vc_column width=&#8221;1\/6&#8243;][\/vc_column][vc_column width=&#8221;2\/3&#8243;][vc_column_text] ABOUT THE COMPETITION [\/vc_column_text][vc_row_inner el_class=&#8221;clr-marb-m&#8221;][vc_column_inner][vc_column_text el_class=&#8221;clr-marb-m&#8221;]Vietnam International Half Marathon 2024 powered<span class=\"excerpt-hellip\"> [\u2026]<\/span><\/p>\n","protected":false},"author":1,"featured_media":0,"parent":0,"menu_order":0,"comment_status":"closed","ping_status":"closed","template":"","meta":[],"_links":{"self":[{"href":"https:\/\/vietnaminternationalhalfmarathon.vn\/en\/wp-json\/wp\/v2\/pages\/1297"}],"collection":[{"href":"https:\/\/vietnaminternationalhalfmarathon.vn\/en\/wp-json\/wp\/v2\/pages"}],"about":[{"href":"https:\/\/vietnaminternationalhalfmarathon.vn\/en\/wp-json\/wp\/v2\/types\/page"}],"author":[{"embeddable":true,"href":"https:\/\/vietnaminternationalhalfmarathon.vn\/en\/wp-json\/wp\/v2\/users\/1"}],"replies":[{"embeddable":true,"href":"https:\/\/vietnaminternationalhalfmarathon.vn\/en\/wp-json\/wp\/v2\/comments?post=1297"}],"version-history":[{"count":10,"href":"https:\/\/vietnaminternationalhalfmarathon.vn\/en\/wp-json\/wp\/v2\/pages\/1297\/revisions"}],"predecessor-version":[{"id":5612,"href":"https:\/\/vietnaminternationalhalfmarathon.vn\/en\/wp-json\/wp\/v2\/pages\/1297\/revisions\/5612"}],"wp:attachment":[{"href":"https:\/\/vietnaminternationalhalfmarathon.vn\/en\/wp-json\/wp\/v2\/media?parent=1297"}],"curies":[{"name":"wp","href":"https:\/\/api.w.org\/{rel}","templated":true}]}}