{"id":1294,"date":"2018-03-16T14:41:44","date_gmt":"2018-03-16T07:41:44","guid":{"rendered":"http:\/\/vietnaminternationalhalfmarathon.vn\/en\/cong-ty-adc-trang-chu\/"},"modified":"2023-12-24T21:51:43","modified_gmt":"2023-12-24T14:51:43","slug":"cong-ty-adc-trang-chu","status":"publish","type":"page","link":"https:\/\/vietnaminternationalhalfmarathon.vn\/en\/","title":{"rendered":"Home"},"content":{"rendered":"<p>[vc_row el_class=&#8221;res-col&#8221;][vc_column width=&#8221;1\/12&#8243;][\/vc_column][vc_column width=&#8221;10\/12&#8243;][vc_empty_space height=&#8221;20px&#8221;][vc_column_text el_class=&#8221;txt7465&#8243;]<\/p>\n<h1 style=\"text-align: center;\"><strong><span style=\"color: #2093de; font-size: 120%;\">LET&#8217;S RUN TO A NEW YEAR<\/span><\/strong><\/h1>\n<p>[\/vc_column_text][vc_column_text]<a style=\"margin: 0 auto; text-align: center;\" title=\"\u0110\u0103ng k\u00fd ngay\" href=\"https:\/\/actiup.net\/event\/giai-ban-marathon-quoc-te-viet-nam-2023\" target=\"_blank\" rel=\"noopener noreferrer\"><br \/>\n<\/a><a href=\"https:\/\/actiup.net\/event\/giai-ban-marathon-quoc-te-viet-nam-2024\/\" target=\"_blank\" rel=\"noopener noreferrer\"><img loading=\"lazy\" class=\"aligncenter wp-image-5396 size-full\" src=\"https:\/\/vietnaminternationalhalfmarathon.vn\/wp-content\/uploads\/2023\/08\/500X120.png\" alt=\"\" width=\"500\" height=\"120\" \/><\/a><a href=\"https:\/\/actiup.net\/event\/giai-ban-marathon-quoc-te-viet-nam-2024\/\" target=\"_blank\" rel=\"noopener noreferrer\"><img loading=\"lazy\" class=\"aligncenter\" src=\"https:\/\/vietnaminternationalhalfmarathon.vn\/wp-content\/uploads\/2023\/07\/register.gif\" alt=\"\" width=\"180\" height=\"208\" \/><\/a>[\/vc_column_text][\/vc_column][vc_column width=&#8221;1\/12&#8243;][\/vc_column][\/vc_row][vc_row][vc_column][vc_empty_space height=&#8221;20px&#8221;][\/vc_column][\/vc_row][vc_row][vc_column width=&#8221;1\/12&#8243;][\/vc_column][vc_column width=&#8221;10\/12&#8243;][vc_column_text el_class=&#8221;khach-hang-adc&#8221;]<\/p>\n<p style=\"text-align: center;\"><div id=\"wondercarousellightbox_options\" data-skinsfoldername=\"\"  data-jsfolder=\"https:\/\/vietnaminternationalhalfmarathon.vn\/wp-content\/plugins\/wonderplugin-carousel\/engine\/\" style=\"display:none;\"><\/div>\r\n<style type=\"text\/css\">@import url(https:\/\/fonts.googleapis.com\/css?family=Open+Sans);   #wonderplugincarousel-1 .amazingcarousel-image {\t \tposition: relative; \tpadding: 4px; }  #wonderplugincarousel-1 .amazingcarousel-image img { \tdisplay: block; \twidth: 100%; \tmax-width: 100%; \tborder: 0; \tmargin: 0; \tpadding: 0; \t-moz-border-radius: 0px; \t-webkit-border-radius: 0px; \tborder-radius: 0px; \t-moz-box-shadow:  0 1px 4px rgba(0, 0, 0, 0.2); \t-webkit-box-shadow: 0 1px 4px rgba(0, 0, 0, 0.2); \tbox-shadow: 0 1px 4px rgba(0, 0, 0, 0.2); }  #wonderplugincarousel-1 .amazingcarousel-title { \tposition:relative; \tfont:14px \"Open Sans\", sans-serif; \tcolor:#333333; \tmargin:6px; \ttext-align:center; \ttext-shadow:0px 1px 1px #fff; }  #wonderplugincarousel-1 .amazingcarousel-list-container {  \tpadding: 16px 0; }  #wonderplugincarousel-1 .amazingcarousel-item-container { \ttext-align: center; \tpadding: 4px; \tbackground-color: #fff; \tborder: 1px solid #ddd; \t-moz-box-shadow: 0px 0px 5px 1px rgba(96, 96, 96, 0.1); \t-webkit-box-shadow: 0px 0px 5px 1px rgba(96, 96, 96, 0.1); \tbox-shadow: 0px 0px 5px 1px rgba(96, 96, 96, 0.1); }  #wonderplugincarousel-1 .amazingcarousel-prev { \tleft: 0%; \ttop: 50%; \tmargin-left: -48px; \tmargin-top: -16px; }  #wonderplugincarousel-1 .amazingcarousel-next { \tright: 0%; \ttop: 50%; \tmargin-right: -48px; \tmargin-top: -16px; }  #wonderplugincarousel-1 .amazingcarousel-nav { \tposition: absolute; \twidth: 100%; \ttop: 100%; }  #wonderplugincarousel-1 .amazingcarousel-bullet-wrapper { \tmargin: 4px auto; }<\/style><div class=\"wonderplugincarousel\" id=\"wonderplugincarousel-1\" data-carouselid=\"1\" data-width=\"400\" data-height=\"160\" data-skin=\"classic\" data-autoplay=\"false\" data-random=\"false\" data-circular=\"false\" data-pauseonmouseover=\"false\" data-continuous=\"false\" data-responsive=\"true\" data-showhoveroverlay=\"false\" data-showhoveroverlayalways=\"false\" data-lightboxresponsive=\"true\" data-lightboxshownavigation=\"false\" data-lightboxnogroup=\"false\" data-lightboxshowtitle=\"true\" data-lightboxshowdescription=\"false\" data-usescreenquery=\"false\" data-donotinit=\"false\" data-addinitscript=\"false\" data-rownumber=\"1\" data-visibleitems=\"2\" data-arrowstyle=\"always\" data-arrowimage=\"arrows-32-32-2.png\" data-arrowwidth=\"32\" data-arrowheight=\"32\" data-navstyle=\"none\" data-navimage=\"bullet-16-16-0.png\" data-navwidth=\"16\" data-navheight=\"16\" data-navspacing=\"8\" data-hoveroverlayimage=\"hoveroverlay-64-64-3.png\" data-lightboxthumbwidth=\"90\" data-lightboxthumbheight=\"60\" data-lightboxthumbtopmargin=\"12\" data-lightboxthumbbottommargin=\"4\" data-lightboxbarheight=\"64\" data-lightboxtitlebottomcss=\"{color:#333; font-size:14px; font-family:Armata,sans-serif,Arial; overflow:hidden; text-align:left;}\" data-lightboxdescriptionbottomcss=\"{color:#333; font-size:12px; font-family:Arial,Helvetica,sans-serif; overflow:hidden; text-align:left; margin:4px 0px 0px; padding: 0px;}\" data-continuousduration=\"2500\" data-screenquery='{ \"tablet\": { \"screenwidth\": 900, \"visibleitems\": 2 }, \"mobile\": { \"screenwidth\": 600, \"visibleitems\": 1 } }' data-jsfolder=\"https:\/\/vietnaminternationalhalfmarathon.vn\/wp-content\/plugins\/wonderplugin-carousel\/engine\/\" style=\"display:none;position:relative;margin:0 auto;width:100%;max-width:800px;\" ><div class=\"amazingcarousel-list-container\" style=\"overflow:hidden;\"><ul class=\"amazingcarousel-list\"><li class=\"amazingcarousel-item\"><div class=\"amazingcarousel-item-container\"><div class=\"amazingcarousel-image\"><a href=\"https:\/\/www.herbalife-vietnam.com\/\"><img src=\"https:\/\/vietnaminternationalhalfmarathon.vn\/wp-content\/uploads\/2024\/12\/herbalife.png\" alt=\"Herbalife\" data-description=\"Herbalife\" \/><\/a><\/div><\/div><\/li><li class=\"amazingcarousel-item\"><div class=\"amazingcarousel-item-container\"><div class=\"amazingcarousel-image\"><a href=\"http:\/\/thtruewater.vn\/\"><img src=\"https:\/\/vietnaminternationalhalfmarathon.vn\/wp-content\/uploads\/2024\/12\/Logo_th_group.png\" alt=\"TH\" data-description=\"TH\" \/><\/a><\/div><\/div><\/li><\/ul><div class=\"amazingcarousel-prev\"><\/div><div class=\"amazingcarousel-next\"><\/div><\/div><div class=\"amazingcarousel-nav\"><\/div><div class=\"wonderplugin-engine\"><a href=\"http:\/\/www.wonderplugin.com\/wordpress-carousel\/\" title=\"WordPress Image Carousel\">WordPress Image Carousel<\/a><\/div><\/div>\n<p>[\/vc_column_text][\/vc_column][vc_column width=&#8221;1\/12&#8243;][\/vc_column][\/vc_row][vc_row css=&#8221;.vc_custom_1521193467475{background-image: url(http:\/\/vietnaminternationalhalfmarathon.vn\/wp-content\/uploads\/2018\/03\/bg2.jpg?id=87) !important;background-position: center !important;background-repeat: no-repeat !important;background-size: cover !important;}&#8221;][vc_column][vc_empty_space height=&#8221;20px&#8221;][vc_column_text]<\/p>\n<h1 style=\"text-align: center;\"><span style=\"color: #2093de; font-size: 120%;\">ROUTE MAP<\/span><\/h1>\n<p>[\/vc_column_text][\/vc_column][\/vc_row][vc_row el_class=&#8221;tin-tuc-adc res-col&#8221;][vc_column width=&#8221;1\/12&#8243;][\/vc_column][vc_column width=&#8221;10\/12&#8243;][vc_column_text]<a href=\"https:\/\/actiup.net\/event\/giai-ban-marathon-quoc-te-viet-nam-2024\/\" target=\"_blank\" rel=\"noopener noreferrer\"><img loading=\"lazy\" class=\"aligncenter wp-image-5190 size-full\" src=\"https:\/\/vietnaminternationalhalfmarathon.vn\/wp-content\/uploads\/2023\/12\/ban-do-5km-2024-2-scaled.jpg\" alt=\"\" width=\"2560\" height=\"1397\" \/><\/a><\/p>\n<p><img loading=\"lazy\" class=\"aligncenter wp-image-5190 size-full\" src=\"https:\/\/vietnaminternationalhalfmarathon.vn\/wp-content\/uploads\/2023\/12\/SPORT-FAMILY1-scaled.jpg\" alt=\"\" width=\"2560\" height=\"1397\" \/>[\/vc_column_text][vc_empty_space height=&#8221;2px&#8221;][vc_column_text]<a href=\"https:\/\/actiup.net\/event\/giai-ban-marathon-quoc-te-viet-nam-2024\/\" target=\"_blank\" rel=\"noopener noreferrer\"><img loading=\"lazy\" class=\"aligncenter wp-image-5193 size-full\" src=\"https:\/\/vietnaminternationalhalfmarathon.vn\/wp-content\/uploads\/2023\/12\/ban-do-10km-2024-1-scaled.jpg\" alt=\"\" width=\"2560\" height=\"1397\" \/><\/a>[\/vc_column_text][vc_empty_space height=&#8221;2px&#8221;][vc_column_text]<a href=\"https:\/\/actiup.net\/event\/giai-ban-marathon-quoc-te-viet-nam-2024\/\" target=\"_blank\" rel=\"noopener noreferrer\"><img loading=\"lazy\" class=\"aligncenter wp-image-5203 size-full\" src=\"https:\/\/vietnaminternationalhalfmarathon.vn\/wp-content\/uploads\/2023\/12\/ban-do-21km-2024-1-scaled.jpg\" alt=\"\" width=\"2560\" height=\"1397\" \/><\/a>[\/vc_column_text][vc_empty_space height=&#8221;10px&#8221;][vc_column_text]<\/p>\n<h1 style=\"text-align: center;\"><strong><span style=\"color: #2093de; font-size: 120%;\">DISTANCES AND FARES<\/span><\/strong><\/h1>\n<p>&nbsp;<\/p>\n<p><a href=\"https:\/\/actiup.net\/event\/giai-ban-marathon-quoc-te-viet-nam-2024\/\" target=\"_blank\" rel=\"noopener noreferrer\"><img loading=\"lazy\" class=\"aligncenter wp-image-5326 size-full\" src=\"https:\/\/vietnaminternationalhalfmarathon.vn\/wp-content\/uploads\/2023\/10\/Cu-ly-Le-phi-ban-Eng-update-30.10.2023.jpg\" alt=\"\" width=\"1080\" height=\"1527\" \/><\/a><\/p>\n<p><a style=\"margin: 0 auto; text-align: center;\" title=\"\u0110\u0103ng k\u00fd ngay\" href=\"https:\/\/actiup.net\/event\/giai-ban-marathon-quoc-te-viet-nam-2023\" target=\"_blank\" rel=\"noopener noreferrer\"><br \/>\n<\/a><a href=\"https:\/\/actiup.net\/event\/giai-ban-marathon-quoc-te-viet-nam-2024\/\" target=\"_blank\" rel=\"noopener noreferrer\"><img loading=\"lazy\" class=\"aligncenter\" src=\"https:\/\/vietnaminternationalhalfmarathon.vn\/wp-content\/uploads\/2023\/07\/register.gif\" alt=\"\" width=\"180\" height=\"208\" \/><\/a><\/p>\n<h1 style=\"text-align: center;\"><strong><span style=\"color: #2093de; font-size: 120%;\">VIHM FUNTIONAL AREA MAP<\/span><\/strong><\/h1>\n<p><a href=\"https:\/\/actiup.net\/event\/giai-ban-marathon-quoc-te-viet-nam-2024\/\" target=\"_blank\" rel=\"noopener noreferrer\"><img loading=\"lazy\" class=\"aligncenter wp-image-5209 size-full\" src=\"https:\/\/vietnaminternationalhalfmarathon.vn\/wp-content\/uploads\/2023\/12\/ban-do-tong-scaled.jpg\" alt=\"\" width=\"2560\" height=\"1417\" \/><\/a><\/p>\n<p>&nbsp;<\/p>\n<p><img loading=\"lazy\" class=\"aligncenter size-full wp-image-5269\" src=\"https:\/\/vietnaminternationalhalfmarathon.vn\/wp-content\/uploads\/2023\/07\/btc.png\" alt=\"\" width=\"800\" height=\"314\" \/>[\/vc_column_text][vc_empty_space height=&#8221;20px&#8221;][\/vc_column][vc_column width=&#8221;1\/12&#8243;][\/vc_column][\/vc_row][vc_row][vc_column width=&#8221;1\/12&#8243;][\/vc_column][vc_column width=&#8221;10\/12&#8243;][vc_empty_space height=&#8221;20px&#8221;][\/vc_column][vc_column width=&#8221;1\/12&#8243;][\/vc_column][\/vc_row]<\/p>\n","protected":false},"excerpt":{"rendered":"<p>[vc_row el_class=&#8221;res-col&#8221;][vc_column width=&#8221;1\/12&#8243;][\/vc_column][vc_column width=&#8221;10\/12&#8243;][vc_empty_space height=&#8221;20px&#8221;][vc_column_text el_class=&#8221;txt7465&#8243;] LET&#8217;S RUN TO A NEW YEAR [\/vc_column_text][vc_column_text] [\/vc_column_text][\/vc_column][vc_column width=&#8221;1\/12&#8243;][\/vc_column][\/vc_row][vc_row][vc_column][vc_empty_space height=&#8221;20px&#8221;][\/vc_column][\/vc_row][vc_row][vc_column width=&#8221;1\/12&#8243;][\/vc_column][vc_column width=&#8221;10\/12&#8243;][vc_column_text el_class=&#8221;khach-hang-adc&#8221;] [\/vc_column_text][\/vc_column][vc_column width=&#8221;1\/12&#8243;][\/vc_column][\/vc_row][vc_row css=&#8221;.vc_custom_1521193467475{background-image: url(http:\/\/vietnaminternationalhalfmarathon.vn\/wp-content\/uploads\/2018\/03\/bg2.jpg?id=87) !important;background-position: center !important;background-repeat:<span class=\"excerpt-hellip\"> [\u2026]<\/span><\/p>\n","protected":false},"author":1,"featured_media":0,"parent":0,"menu_order":0,"comment_status":"closed","ping_status":"closed","template":"","meta":[],"_links":{"self":[{"href":"https:\/\/vietnaminternationalhalfmarathon.vn\/en\/wp-json\/wp\/v2\/pages\/1294"}],"collection":[{"href":"https:\/\/vietnaminternationalhalfmarathon.vn\/en\/wp-json\/wp\/v2\/pages"}],"about":[{"href":"https:\/\/vietnaminternationalhalfmarathon.vn\/en\/wp-json\/wp\/v2\/types\/page"}],"author":[{"embeddable":true,"href":"https:\/\/vietnaminternationalhalfmarathon.vn\/en\/wp-json\/wp\/v2\/users\/1"}],"replies":[{"embeddable":true,"href":"https:\/\/vietnaminternationalhalfmarathon.vn\/en\/wp-json\/wp\/v2\/comments?post=1294"}],"version-history":[{"count":47,"href":"https:\/\/vietnaminternationalhalfmarathon.vn\/en\/wp-json\/wp\/v2\/pages\/1294\/revisions"}],"predecessor-version":[{"id":5999,"href":"https:\/\/vietnaminternationalhalfmarathon.vn\/en\/wp-json\/wp\/v2\/pages\/1294\/revisions\/5999"}],"wp:attachment":[{"href":"https:\/\/vietnaminternationalhalfmarathon.vn\/en\/wp-json\/wp\/v2\/media?parent=1294"}],"curies":[{"name":"wp","href":"https:\/\/api.w.org\/{rel}","templated":true}]}}